{"id":36,"date":"2015-03-10T20:07:40","date_gmt":"2015-03-10T20:07:40","guid":{"rendered":"http:\/\/www.parquedelchoapa.cl\/home\/?page_id=36"},"modified":"2025-06-28T00:16:25","modified_gmt":"2025-06-28T04:16:25","slug":"funeraria","status":"publish","type":"page","link":"https:\/\/www.parquedelchoapa.cl\/home\/iconos-home\/funeraria\/","title":{"rendered":"Servicio Integral"},"content":{"rendered":"<p><img loading=\"lazy\" decoding=\"async\" class=\"aligncenter size-full wp-image-334\" src=\"http:\/\/www.parquedelchoapa.cl\/home\/wp-content\/uploads\/2015\/03\/FunLog1.jpg\" alt=\"FunLog1\" width=\"1911\" height=\"288\" srcset=\"https:\/\/www.parquedelchoapa.cl\/home\/wp-content\/uploads\/2015\/03\/FunLog1.jpg 1911w, https:\/\/www.parquedelchoapa.cl\/home\/wp-content\/uploads\/2015\/03\/FunLog1-300x45.jpg 300w, https:\/\/www.parquedelchoapa.cl\/home\/wp-content\/uploads\/2015\/03\/FunLog1-768x116.jpg 768w, https:\/\/www.parquedelchoapa.cl\/home\/wp-content\/uploads\/2015\/03\/FunLog1-1024x154.jpg 1024w\" sizes=\"auto, (max-width: 1911px) 100vw, 1911px\" \/><\/p>\n<h4 class=\"p1\" style=\"text-align: center;\"><strong>Contrate con nosotros los servicios funerarios y obtenga beneficios al ser cliente de Parque del Choapa<\/strong><\/h4>\n<h5 class=\"p1\" style=\"text-align: center;\">Nos comprometemos a\u00a0entregar un servicio de calidad, digno y a un precio justo.\u00a0Convenios con IPS, AFP,\u00a0Compa\u00f1\u00edas de Seguros y atenci\u00f3n a\u00a0particulares<\/h5>\n<div id=\"tres\">\n<div id=\"content\" class=\"clearfix\">\n<h2 style=\"text-align: left; padding-left: 30px;\">Premium<\/h2>\n<h6 style=\"text-align: left; padding-left: 30px;\"><strong>Urnas de madera con finas terminaciones<\/strong><\/h6>\n<ul>\n<li>Carroza panor\u00e1mica Mercedes Benz<\/li>\n<li>Retiro de la persona fallecida y traslado al lugar de velaci\u00f3n<\/li>\n<li>Fina capilla el\u00e9ctrica<\/li>\n<li>Libro de condolencias<\/li>\n<li>100 Tarjetas de agradecimiento (incluye foto)<\/li>\n<li>Tramites legales de inscripci\u00f3n de defunci\u00f3n<\/li>\n<li>Tramitaci\u00f3n y asesor\u00eda con IPS o AFP<\/li>\n<li>Aviso de defunci\u00f3n publicado en radios locales<\/li>\n<li>Aviso radial de\u00a0expresi\u00f3n de gracia posterior al funeral<\/li>\n<\/ul>\n<\/div>\n<p><!-- #content --><\/p>\n<\/div>\n<div id=\"cuatro\">\n<div id=\"content\" class=\"clearfix\">\n<h1 style=\"text-align: center;\"><img loading=\"lazy\" decoding=\"async\" class=\" alignleft\" src=\"http:\/\/www.parquedelchoapa.cl\/home\/wp-content\/uploads\/2015\/03\/Funeraria_del_choapa_023.jpg\" alt=\"Funeraria_del_choapa_023\" width=\"1755\" height=\"679\" \/><img loading=\"lazy\" decoding=\"async\" class=\" alignleft\" src=\"http:\/\/www.parquedelchoapa.cl\/home\/wp-content\/uploads\/2015\/03\/Funeraria_del_choapa_024.jpg\" alt=\"Funeraria_del_choapa_024\" width=\"1249\" height=\"524\" \/><img loading=\"lazy\" decoding=\"async\" class=\" alignleft\" src=\"http:\/\/www.parquedelchoapa.cl\/home\/wp-content\/uploads\/2015\/03\/Funeraria_del_choapa_025.jpg\" alt=\"Funeraria_del_choapa_025\" width=\"2852\" height=\"1276\" \/><\/h1>\n<\/div>\n<p><img loading=\"lazy\" decoding=\"async\" class=\"aligncenter wp-image-96 size-full\" src=\"http:\/\/www.parquedelchoapa.cl\/home\/wp-content\/uploads\/2015\/03\/Funeraria-0001.jpg\" alt=\"Funeraria-0001\" width=\"1440\" height=\"200\" srcset=\"https:\/\/www.parquedelchoapa.cl\/home\/wp-content\/uploads\/2015\/03\/Funeraria-0001.jpg 1440w, https:\/\/www.parquedelchoapa.cl\/home\/wp-content\/uploads\/2015\/03\/Funeraria-0001-300x42.jpg 300w, https:\/\/www.parquedelchoapa.cl\/home\/wp-content\/uploads\/2015\/03\/Funeraria-0001-1024x142.jpg 1024w\" sizes=\"auto, (max-width: 1440px) 100vw, 1440px\" \/><\/p>\n<\/div>\n","protected":false},"excerpt":{"rendered":"<p>Nuestro compromiso es otorgar un servicio de excelencia, que est\u00e9 a cargo de alivianar el peso de su p\u00e9rdida.<\/p>\n","protected":false},"author":1,"featured_media":37,"parent":30,"menu_order":0,"comment_status":"closed","ping_status":"closed","template":"","meta":{"footnotes":""},"class_list":["post-36","page","type-page","status-publish","has-post-thumbnail","hentry"],"_links":{"self":[{"href":"https:\/\/www.parquedelchoapa.cl\/home\/wp-json\/wp\/v2\/pages\/36","targetHints":{"allow":["GET"]}}],"collection":[{"href":"https:\/\/www.parquedelchoapa.cl\/home\/wp-json\/wp\/v2\/pages"}],"about":[{"href":"https:\/\/www.parquedelchoapa.cl\/home\/wp-json\/wp\/v2\/types\/page"}],"author":[{"embeddable":true,"href":"https:\/\/www.parquedelchoapa.cl\/home\/wp-json\/wp\/v2\/users\/1"}],"replies":[{"embeddable":true,"href":"https:\/\/www.parquedelchoapa.cl\/home\/wp-json\/wp\/v2\/comments?post=36"}],"version-history":[{"count":67,"href":"https:\/\/www.parquedelchoapa.cl\/home\/wp-json\/wp\/v2\/pages\/36\/revisions"}],"predecessor-version":[{"id":336,"href":"https:\/\/www.parquedelchoapa.cl\/home\/wp-json\/wp\/v2\/pages\/36\/revisions\/336"}],"up":[{"embeddable":true,"href":"https:\/\/www.parquedelchoapa.cl\/home\/wp-json\/wp\/v2\/pages\/30"}],"wp:featuredmedia":[{"embeddable":true,"href":"https:\/\/www.parquedelchoapa.cl\/home\/wp-json\/wp\/v2\/media\/37"}],"wp:attachment":[{"href":"https:\/\/www.parquedelchoapa.cl\/home\/wp-json\/wp\/v2\/media?parent=36"}],"curies":[{"name":"wp","href":"https:\/\/api.w.org\/{rel}","templated":true}]}}